{"id":15,"date":"2014-07-14T14:37:58","date_gmt":"2014-07-14T12:37:58","guid":{"rendered":"http:\/\/beta.kleine-markthalle.de\/?page_id=15"},"modified":"2023-10-23T11:47:39","modified_gmt":"2023-10-23T09:47:39","slug":"ueber-uns","status":"publish","type":"page","link":"https:\/\/www.kleine-markthalle.de\/?page_id=15","title":{"rendered":"\u00dcber uns"},"content":{"rendered":"<p><strong>Die Kleine Markthalle geht neue Wege!<\/strong><\/p>\n<p>Seit\u00a0August 2014 sind wir <strong>&#8222;f\u00fcr Sie unterwegs&#8220;<\/strong>.<\/p>\n<p>Wir haben unser Ladengesch\u00e4ft nach 28 Jahren geschlossen und auf einen Bestell- und Lieferservice umgestellt, der nun Gro\u00dfhandelskunden zur Verf\u00fcgung steht. Der Inhaber Danny Coutu verf\u00fcgt \u00fcber 40 Jahre Berufserfahrung im Ein- und Verkauf von Obst und Gem\u00fcse und wird dieses Wissen selbstverst\u00e4ndlich auch im neuen Betrieb voll zur Anwendung bringen. Wir stellen an unsere Waren den selben hohen Qualit\u00e4tsanspruch, den Sie auch vom Ladengesch\u00e4ft her gewohnt waren. Da wir keine Lagerhaltung mehr haben, wird neben Qualit\u00e4t vor allem die Frische \u00fcberzeugen k\u00f6nnen.<\/p>\n<p>Unser gr\u00f6\u00dftes Bestreben ist aber, Sie pers\u00f6nlich zufrieden zu stellen, indem wir uns pers\u00f6nlich um Sie k\u00fcmmern. Wir achten darauf, dass unsere Lieferanten m\u00f6glichst aus der Region stammen und entweder unbehandelt oder biozertifiziert arbeiten. So sind unsere Gem\u00fcselieferanten Familieng\u00e4rtnereien im Umland von M\u00fcnchen und dem Knoblauchsland bei N\u00fcrnberg. Obst kommt bevorzugt aus der Bodenseeregion, wobei hier auch typische Erzeugnisse aus dem nahen Ausland (Italien, \u00d6sterreich und Frankreich) mit einflie\u00dfen. Aus saisonalen Gr\u00fcnden ist der regionale Bezug nicht immer ganzj\u00e4hrig m\u00f6glich. Da bei uns aber Qualit\u00e4t und Kundenwunsch im Vordergrund stehen, w\u00e4hlen wir auch dann unsere Lieferanten sehr sorgf\u00e4ltig aus.<\/p>\n<p>Unser Kundenservice genie\u00dft nach wie vor oberste Priorit\u00e4t und auf Sonderw\u00fcnsche reagieren wir individuell. Wir freuen uns sehr auf diese neue Herausforderung und auf eine erfolgreiche, zufrieden stellende und freundschaftliche Zusammenarbeit.<\/p>\n<p>Bitte beachten Sie unsere\u00a0<a href=\"\/?page_id=171\">Datenschutzerkl\u00e4rung<\/a>.<br \/>\nUnsere Kontaktdaten finden Sie im <a href=\"\/?page_id=182\">Impressum<\/a>.<\/p>\n","protected":false},"excerpt":{"rendered":"<p>Die Kleine Markthalle geht neue Wege! Seit\u00a0August 2014 sind wir &#8222;f\u00fcr Sie unterwegs&#8220;. Wir haben unser Ladengesch\u00e4ft nach 28 Jahren geschlossen und auf einen Bestell- und Lieferservice umgestellt, der nun [&hellip;]<\/p>\n","protected":false},"author":1,"featured_media":0,"parent":0,"menu_order":0,"comment_status":"open","ping_status":"open","template":"","meta":[],"_links":{"self":[{"href":"https:\/\/www.kleine-markthalle.de\/index.php?rest_route=\/wp\/v2\/pages\/15"}],"collection":[{"href":"https:\/\/www.kleine-markthalle.de\/index.php?rest_route=\/wp\/v2\/pages"}],"about":[{"href":"https:\/\/www.kleine-markthalle.de\/index.php?rest_route=\/wp\/v2\/types\/page"}],"author":[{"embeddable":true,"href":"https:\/\/www.kleine-markthalle.de\/index.php?rest_route=\/wp\/v2\/users\/1"}],"replies":[{"embeddable":true,"href":"https:\/\/www.kleine-markthalle.de\/index.php?rest_route=%2Fwp%2Fv2%2Fcomments&post=15"}],"version-history":[{"count":11,"href":"https:\/\/www.kleine-markthalle.de\/index.php?rest_route=\/wp\/v2\/pages\/15\/revisions"}],"predecessor-version":[{"id":237,"href":"https:\/\/www.kleine-markthalle.de\/index.php?rest_route=\/wp\/v2\/pages\/15\/revisions\/237"}],"wp:attachment":[{"href":"https:\/\/www.kleine-markthalle.de\/index.php?rest_route=%2Fwp%2Fv2%2Fmedia&parent=15"}],"curies":[{"name":"wp","href":"https:\/\/api.w.org\/{rel}","templated":true}]}}