{"id":17,"date":"2014-07-14T14:37:46","date_gmt":"2014-07-14T12:37:46","guid":{"rendered":"http:\/\/beta.kleine-markthalle.de\/?page_id=17"},"modified":"2023-02-09T10:31:55","modified_gmt":"2023-02-09T09:31:55","slug":"sortiment","status":"publish","type":"page","link":"https:\/\/www.kleine-markthalle.de\/?page_id=17","title":{"rendered":"Sortiment"},"content":{"rendered":"<p><img decoding=\"async\" loading=\"lazy\" class=\"alignnone size-full wp-image-91\" style=\"border-radius: 10px;\" src=\"https:\/\/www.kleine-markthalle.de\/wp-content\/uploads\/2014\/07\/banner_obst.jpg\" alt=\"Banner Obst\" width=\"730\" height=\"127\" srcset=\"https:\/\/www.kleine-markthalle.de\/wp-content\/uploads\/2014\/07\/banner_obst.jpg 730w, https:\/\/www.kleine-markthalle.de\/wp-content\/uploads\/2014\/07\/banner_obst-300x52.jpg 300w, https:\/\/www.kleine-markthalle.de\/wp-content\/uploads\/2014\/07\/banner_obst-316x55.jpg 316w\" sizes=\"(max-width: 730px) 100vw, 730px\" \/><\/p>\n<p>Unser Warenangebot\u00a0umfasst:<\/p>\n<ul>\n<li><strong>Obst<br \/>\n<\/strong>aus den Sonnengebieten Deutschlands und dem nahen Ausland wie z.B. A, I, F<\/li>\n<li><strong>Gem\u00fcse<br \/>\n<\/strong>aus der Region, nach M\u00f6glichkeit unbehandelt oder biologisch erzeugt<\/li>\n<li><strong>Exotische Fr\u00fcchte<br \/>\n<\/strong>sonnengereift und reif verschickt<\/li>\n<li><strong>Kr\u00e4uter<br \/>\n<\/strong>Schnittware oder im Topf zum Pflanzen oder Z\u00fcchten auf der Fensterbank<\/li>\n<li><strong>Eier<br \/>\n<\/strong>aus Bayern, aus biologischer Landwirtschaft und Freilandhaltung<\/li>\n<li><strong>Geschenkk\u00f6rbe<br \/>\n<\/strong>in jeder Gr\u00f6\u00dfe und Preislage, ganz nach Ihren Vorstellungen<\/li>\n<li><strong>Geschenkgutscheine<br \/>\n<\/strong>f\u00fcr jeden Anlass, in beliebiger H\u00f6he<\/li>\n<li><strong>Sonderw\u00fcnsche<br \/>\n<\/strong>f\u00fcr Artikel, die in der Bestellliste nicht aufgef\u00fchrt sind<\/li>\n<\/ul>\n<p>Wir achten darauf, dass unsere Lieferanten m\u00f6glichst aus der Region stammen und entweder unbehandelt oder biozertifiziert arbeiten. So sind unsere Gem\u00fcselieferanten Familieng\u00e4rtnereien im Umland von M\u00fcnchen und dem Knoblauchsland bei N\u00fcrnberg. \u00a0Obst kommt bevorzugt aus der Bodenseeregion, wobei hier auch typische Erzeugnisse aus dem nahen Ausland (Italien, \u00d6sterreich und Frankreich) mit einflie\u00dfen. Aus saisonalen Gr\u00fcnden ist der regionale Bezug nicht immer ganzj\u00e4hrig m\u00f6glich. Da bei uns aber Qualit\u00e4t und Kundenwunsch im Vordergrund stehen, w\u00e4hlen wir auch dann unsere Lieferanten sehr sorgf\u00e4ltig aus.<\/p>\n<p><img decoding=\"async\" loading=\"lazy\" class=\"alignnone size-full wp-image-92\" style=\"border-radius: 10px;\" src=\"https:\/\/www.kleine-markthalle.de\/wp-content\/uploads\/2014\/07\/banner_gemuese.jpg\" alt=\"Banner Gem\u00fcse\" width=\"730\" height=\"127\" srcset=\"https:\/\/www.kleine-markthalle.de\/wp-content\/uploads\/2014\/07\/banner_gemuese.jpg 730w, https:\/\/www.kleine-markthalle.de\/wp-content\/uploads\/2014\/07\/banner_gemuese-300x52.jpg 300w, https:\/\/www.kleine-markthalle.de\/wp-content\/uploads\/2014\/07\/banner_gemuese-316x55.jpg 316w\" sizes=\"(max-width: 730px) 100vw, 730px\" \/><\/p>\n","protected":false},"excerpt":{"rendered":"<p>Unser Warenangebot\u00a0umfasst: Obst aus den Sonnengebieten Deutschlands und dem nahen Ausland wie z.B. A, I, F Gem\u00fcse aus der Region, nach M\u00f6glichkeit unbehandelt oder biologisch erzeugt Exotische Fr\u00fcchte sonnengereift und [&hellip;]<\/p>\n","protected":false},"author":1,"featured_media":0,"parent":0,"menu_order":0,"comment_status":"open","ping_status":"open","template":"","meta":[],"_links":{"self":[{"href":"https:\/\/www.kleine-markthalle.de\/index.php?rest_route=\/wp\/v2\/pages\/17"}],"collection":[{"href":"https:\/\/www.kleine-markthalle.de\/index.php?rest_route=\/wp\/v2\/pages"}],"about":[{"href":"https:\/\/www.kleine-markthalle.de\/index.php?rest_route=\/wp\/v2\/types\/page"}],"author":[{"embeddable":true,"href":"https:\/\/www.kleine-markthalle.de\/index.php?rest_route=\/wp\/v2\/users\/1"}],"replies":[{"embeddable":true,"href":"https:\/\/www.kleine-markthalle.de\/index.php?rest_route=%2Fwp%2Fv2%2Fcomments&post=17"}],"version-history":[{"count":16,"href":"https:\/\/www.kleine-markthalle.de\/index.php?rest_route=\/wp\/v2\/pages\/17\/revisions"}],"predecessor-version":[{"id":218,"href":"https:\/\/www.kleine-markthalle.de\/index.php?rest_route=\/wp\/v2\/pages\/17\/revisions\/218"}],"wp:attachment":[{"href":"https:\/\/www.kleine-markthalle.de\/index.php?rest_route=%2Fwp%2Fv2%2Fmedia&parent=17"}],"curies":[{"name":"wp","href":"https:\/\/api.w.org\/{rel}","templated":true}]}}