{"id":61,"date":"2014-07-14T17:10:13","date_gmt":"2014-07-14T15:10:13","guid":{"rendered":"http:\/\/www.kleine-markthalle.de\/?page_id=61"},"modified":"2023-10-23T11:49:28","modified_gmt":"2023-10-23T09:49:28","slug":"grosshandel","status":"publish","type":"page","link":"https:\/\/www.kleine-markthalle.de\/?page_id=61","title":{"rendered":"Gro\u00dfhandel"},"content":{"rendered":"<div style=\"background:#f8f8f8;padding:1ex 1em;margin-bottom:1em;\"><span style=\"color:red;\">Achtung: <\/span>Unsere Gro\u00dfhandelsbestellliste versenden wir w\u00f6chentlich per E-Mail.<br \/>\nBitte kontaktieren Sie uns damit\u00a0wir Ihnen die aktuelle Preisliste\u00a0fortan zur Verf\u00fcgung stellen k\u00f6nnen!<\/div>\n<p>F\u00fcr den Gro\u00dfhandel bieten wir 35 Jahre Erfahrung im Obst und Gem\u00fcse Handel und legen daher die gleichen hohen Qualit\u00e4tsanspr\u00fcche an, wie wir sie durch die langj\u00e4hrige Arbeit seit dieser Zeit gewohnt sind.<\/p>\n<p>Von Bestellung bis Auslieferung erfolgt die Kundenbetreuung pers\u00f6nlich durch den Inhaber Danny Coutu.\u00a0Sie haben damit nur einen Ansprechpartner, der Ihren Auftrag bearbeitet, ausf\u00fchrt und mit ihnen Kontakt pflegt.<\/p>\n<p>Lieferung erfolgt ganzj\u00e4hrig Montag bis Samstag. Sie k\u00f6nnen per Telefon mit Anrufbeantworter, FAX oder \u00fcber unser online Formular bestellen. Gerne rufen wir Sie auf Wunsch auch selbst an.\u00a0Wir bieten durch den t\u00e4glichen Einkauf auf Bestellung beste Qualit\u00e4t und Sortimentsvielfalt, bevorzugen unbehandelte Produkte aus der Region und haben bewusst keine Lagerhaltung. Daher sind unsere Lieferungen immer frisch vom Gro\u00dfmarkt.<\/p>\n<p>Sonderbestellungen, die nicht in der Angebotsliste aufgef\u00fchrt sind, werden wir nach M\u00f6glichkeit erf\u00fcllen. Einige Tage Vorlaufzeit w\u00e4ren dann w\u00fcnschenswert.<\/p>\n<p>Rabattstaffelungen je nach Bestellmenge sind grunds\u00e4tzlich m\u00f6glich und erfolgen nach Absprache.<\/p>\n<p>Rechnungserstellung erfolgt im 14-t\u00e4gigen Rhythmus.<\/p>\n<p><strong>Die wichtigsten Fakten im \u00dcberblick:<\/strong><\/p>\n<ul>\n<li>35 j\u00e4hrige Erfahrung im Handel mit Obst und Gem\u00fcse<\/li>\n<li>Pers\u00f6nliche Kundenbetreuung durch den Inhaber von Bestellung bis Lieferung<\/li>\n<li>Lieferung tagesfrisch direkt vom Gro\u00dfmarkt<\/li>\n<li>Bevorzugt unbehandelte Produkte aus der Region<\/li>\n<li>Qualit\u00e4tsgarantie<\/li>\n<li>Sonderbestellungen m\u00f6glich<\/li>\n<li>Rabattstaffelung nach Bestellmenge<\/li>\n<li>Lieferung ganzj\u00e4hrig Montag bis Samstag<\/li>\n<\/ul>\n<p><strong>Testen Sie uns &#8211; wir sind regional zu Hause und verb\u00fcrgen uns f\u00fcr Qualit\u00e4t, Frische und Zuverl\u00e4ssigkeit.<\/strong><\/p>\n","protected":false},"excerpt":{"rendered":"<p>Achtung: Unsere Gro\u00dfhandelsbestellliste versenden wir w\u00f6chentlich per E-Mail. Bitte kontaktieren Sie uns damit\u00a0wir Ihnen die aktuelle Preisliste\u00a0fortan zur Verf\u00fcgung stellen k\u00f6nnen! F\u00fcr den Gro\u00dfhandel bieten wir 35 Jahre Erfahrung im [&hellip;]<\/p>\n","protected":false},"author":1,"featured_media":0,"parent":0,"menu_order":0,"comment_status":"open","ping_status":"open","template":"","meta":[],"_links":{"self":[{"href":"https:\/\/www.kleine-markthalle.de\/index.php?rest_route=\/wp\/v2\/pages\/61"}],"collection":[{"href":"https:\/\/www.kleine-markthalle.de\/index.php?rest_route=\/wp\/v2\/pages"}],"about":[{"href":"https:\/\/www.kleine-markthalle.de\/index.php?rest_route=\/wp\/v2\/types\/page"}],"author":[{"embeddable":true,"href":"https:\/\/www.kleine-markthalle.de\/index.php?rest_route=\/wp\/v2\/users\/1"}],"replies":[{"embeddable":true,"href":"https:\/\/www.kleine-markthalle.de\/index.php?rest_route=%2Fwp%2Fv2%2Fcomments&post=61"}],"version-history":[{"count":34,"href":"https:\/\/www.kleine-markthalle.de\/index.php?rest_route=\/wp\/v2\/pages\/61\/revisions"}],"predecessor-version":[{"id":241,"href":"https:\/\/www.kleine-markthalle.de\/index.php?rest_route=\/wp\/v2\/pages\/61\/revisions\/241"}],"wp:attachment":[{"href":"https:\/\/www.kleine-markthalle.de\/index.php?rest_route=%2Fwp%2Fv2%2Fmedia&parent=61"}],"curies":[{"name":"wp","href":"https:\/\/api.w.org\/{rel}","templated":true}]}}